{"id":16,"date":"2021-06-29T06:50:54","date_gmt":"2021-06-29T06:50:54","guid":{"rendered":"https:\/\/www.kihnioneraveikot.fi\/?page_id=16"},"modified":"2021-06-29T09:48:59","modified_gmt":"2021-06-29T09:48:59","slug":"etusivu","status":"publish","type":"page","link":"https:\/\/www.kihnioneraveikot.fi\/","title":{"rendered":"Etusivu"},"content":{"rendered":"\n<h2 class=\"wp-block-heading\">Tervetuloa Kihni\u00f6nkyl\u00e4n Er\u00e4-Veikkojen sivuille!<\/h2>\n\n\n\n<p>Sivut ovat p\u00e4ivityksen alla, palaa takaisin pian!<\/p>\n","protected":false},"excerpt":{"rendered":"<p>Tervetuloa Kihni\u00f6nkyl\u00e4n Er\u00e4-Veikkojen sivuille! Sivut ovat p\u00e4ivityksen alla, palaa takaisin pian!<\/p>\n","protected":false},"author":1,"featured_media":0,"parent":0,"menu_order":1,"comment_status":"closed","ping_status":"closed","template":"","meta":{"footnotes":""},"_links":{"self":[{"href":"https:\/\/www.kihnioneraveikot.fi\/index.php\/wp-json\/wp\/v2\/pages\/16"}],"collection":[{"href":"https:\/\/www.kihnioneraveikot.fi\/index.php\/wp-json\/wp\/v2\/pages"}],"about":[{"href":"https:\/\/www.kihnioneraveikot.fi\/index.php\/wp-json\/wp\/v2\/types\/page"}],"author":[{"embeddable":true,"href":"https:\/\/www.kihnioneraveikot.fi\/index.php\/wp-json\/wp\/v2\/users\/1"}],"replies":[{"embeddable":true,"href":"https:\/\/www.kihnioneraveikot.fi\/index.php\/wp-json\/wp\/v2\/comments?post=16"}],"version-history":[{"count":7,"href":"https:\/\/www.kihnioneraveikot.fi\/index.php\/wp-json\/wp\/v2\/pages\/16\/revisions"}],"predecessor-version":[{"id":39,"href":"https:\/\/www.kihnioneraveikot.fi\/index.php\/wp-json\/wp\/v2\/pages\/16\/revisions\/39"}],"wp:attachment":[{"href":"https:\/\/www.kihnioneraveikot.fi\/index.php\/wp-json\/wp\/v2\/media?parent=16"}],"curies":[{"name":"wp","href":"https:\/\/api.w.org\/{rel}","templated":true}]}}